{"id":2217,"date":"2023-01-31T18:10:53","date_gmt":"2023-01-31T17:10:53","guid":{"rendered":"https:\/\/www.parcbeauregard.com\/studacademy\/?page_id=2217"},"modified":"2023-01-31T18:13:18","modified_gmt":"2023-01-31T17:13:18","slug":"vie-privee","status":"publish","type":"page","link":"https:\/\/www.parcbeauregard.com\/studacademy\/vie-privee\/","title":{"rendered":"VIE PRIV\u00c9E"},"content":{"rendered":"<p>[et_pb_section fb_built=\u00a0\u00bb1&Prime; _builder_version=\u00a0\u00bb4.19.5&Prime; _module_preset=\u00a0\u00bbdefault\u00a0\u00bb custom_margin=\u00a0\u00bb||||false|false\u00a0\u00bb custom_padding=\u00a0\u00bb||||false|false\u00a0\u00bb global_colors_info=\u00a0\u00bb{}\u00a0\u00bb][et_pb_row _builder_version=\u00a0\u00bb4.18.0&Prime; _module_preset=\u00a0\u00bbdefault\u00a0\u00bb global_colors_info=\u00a0\u00bb{}\u00a0\u00bb][et_pb_column type=\u00a0\u00bb4_4&Prime; _builder_version=\u00a0\u00bb4.18.0&Prime; _module_preset=\u00a0\u00bbdefault\u00a0\u00bb global_colors_info=\u00a0\u00bb{}\u00a0\u00bb][et_pb_text _builder_version=\u00a0\u00bb4.19.5&Prime; _module_preset=\u00a0\u00bbdefault\u00a0\u00bb text_text_color=\u00a0\u00bb#000000&Prime; header_font=\u00a0\u00bb|700||on|||||\u00a0\u00bb header_text_color=\u00a0\u00bb#80558c\u00a0\u00bb header_font_size=\u00a0\u00bb42px\u00a0\u00bb header_line_height=\u00a0\u00bb2em\u00a0\u00bb header_2_line_height=\u00a0\u00bb1.7em\u00a0\u00bb custom_padding=\u00a0\u00bb||||false|false\u00a0\u00bb hover_enabled=\u00a0\u00bb0&Prime; global_colors_info=\u00a0\u00bb{}\u00a0\u00bb sticky_enabled=\u00a0\u00bb0&Prime;]<\/p>\n<h1> VIE PRIV\u00c9E <\/h1>\n<h2>PROTECTION DE LA VIE PRIV\u00c9E<\/h2>\n<p>Soucieuse de la protection de votre vie priv\u00e9e, STUD ACADEMY s\u2019engage \u00e0 assurer le meilleur niveau de protection de vos donn\u00e9es personnelles conform\u00e9ment \u00e0 la loi Informatique et Libert\u00e9s du 6 janvier 1978 modifi\u00e9e par la loi du 6 ao\u00fbt 2004.<br \/>\nNotre politique de protection de la vie priv\u00e9e vous permet d\u2019en savoir plus sur la collecte et le traitement de vos donn\u00e9es personnelles par STUD ACADEMY ainsi que sur vos droits.<br \/>\nVous pouvez consultez la liste des traitements vous concernant en vous adressant \u00e0 STUD ACADEMY :<br \/>\npar voie postale \u00e0 l\u2019adresse suivante : STUD ACADEMY \u2013 1 QUAI DE LA LOIRE \u2013 37210 \u2013 ROCHECORBON\u2028ou par courrier \u00e9lectronique \u00e0 l\u2019adresse : rochecorbon@parcbeauregard.com\u2028Pour mieux conna\u00eetre vos droits et vos devoirs, vous pouvez \u00e9galement consulter le site de la Commission Nationale de l\u2019Informatique et des Libert\u00e9s http:\/\/www.cnil.fr.<\/p>\n<h2>1. IDENTIT\u00c9 DU RESPONSABLE DU TRAITEMENT<\/h2>\n<p>Les donn\u00e9es personnelles sont collect\u00e9es par : STUD ACADEMY \u2013 1 QUAI DE LA LOIRE \u2013 37210 \u2013 ROCHECORBON<\/p>\n<h2>2. LES TRAITEMENTS RELATIFS \u00c0 VOS DONN\u00c9ES PERSONNELLES<\/h2>\n<p>QUELLES DONN\u00c9ES ?<br \/>\nNotre site ne demande pas d\u2019enregistrement nominatif \u00e0 ses visiteurs et ne proc\u00e8de \u00e0 aucun enregistrement nominatif Notre site ne demande pas d\u2019enregistrement nominatif \u00e0 ses visiteurs et ne proc\u00e8de \u00e0 aucun enregistrement nominatif pour la simple consultation de ses pages.<br \/>\nCependant, dans certains cas (formulaire de contact, fonctionnalit\u00e9s de partage et modules sociaux, rubrique cr\u00e9ation de compte, tchat\u2026), vous pouvez \u00eatre invit\u00e9 \u00e0 laisser des donn\u00e9es personnelles (nom, pr\u00e9nom, num\u00e9ro de t\u00e9l\u00e9phone, adresse \u00e9lectronique\u2026). Le caract\u00e8re obligatoire ou facultatif des donn\u00e9es vous est signal\u00e9 lors de la collecte par un ast\u00e9risque.<br \/>\nNous ne collectons aucune donn\u00e9e sensible, \u00e0 savoir aucune donn\u00e9e relative \u00e0 vos origines raciales ou ethniques, \u00e0 vos opinions politiques, philosophiques ou religieuses ou votre appartenance syndicale, ou qui sont relatives \u00e0 votre sant\u00e9 ou votre vie sexuelle.<br \/>\nPar ailleurs, lors de la consultation de notre site web et de l\u2019utilisation de nos services, nous sommes amen\u00e9s \u00e0 collecter et traiter des donn\u00e9es relatives \u00e0 votre navigation (notamment les cookies, et les pages que vous avez consult\u00e9es), et \u00e0 votre terminal (type de navigateur utilis\u00e9, mod\u00e8le et version de votre syst\u00e8me d\u2019exploitation, r\u00e9solution de votre \u00e9cran, pr\u00e9sence de certains plug-ins, \u2026). Ces donn\u00e9es seront utilis\u00e9es d\u2019une part pour adapter nos contenus et services \u00e0 vos besoins, et d\u2019autre part pour r\u00e9aliser des statistiques d\u2019utilisation de nos services afin de les rendre plus pertinents.<\/p>\n<p>QUAND ?<br \/>\nNous collectons vos donn\u00e9es notamment quand :<\/p>\n<p>\u2013 Vous cr\u00e9ez un compte utilisateur,<br \/>\n\u2013 Vous utilisez notre formulaire de contact,<br \/>\n\u2013 Vous utilisez la fonctionnalit\u00e9 de tchat,<br \/>\n\u2013 Vous naviguez sur notre site et consultez nos produits et services.<\/p>\n<p>QUELLES FINALIT\u00c9S ?<br \/>\nNous utilisons vos donn\u00e9es personnelles pour :<\/p>\n<p>\u2013 vous permettre d\u2019utiliser nos services ;<br \/>\n\u2013 vous informer sur les services pour lesquels vous avez exprim\u00e9 un int\u00e9r\u00eat et qui vous sont propos\u00e9s sur notre site ;<br \/>\n\u2013 vous proposer des offres publicitaires et des informations sur notre site en rapport avec vos centres d\u2019int\u00e9r\u00eat ;<br \/>\nnous permettre d\u2019\u00e9tablir des statistiques et comptages de fr\u00e9quentation et d\u2019utilisation des diverses rubriques et contenus de notre site et de nos services notamment afin d\u2019adapter lesdites rubriques et lesdits contenus en fonction de votre navigation.<br \/>\nLe cas \u00e9ch\u00e9ant, le formulaire de collecte pourra \u00eatre accompagn\u00e9 d\u2019une case \u00e0 cocher vous permettant d\u2019accepter ou de refuser que vos donn\u00e9es soient utilis\u00e9es \u00e0 des fins commerciales pour le compte de tiers, et\/ou c\u00e9d\u00e9es \u00e0 des tiers.<\/p>\n<p>COOKIES<br \/>\nPour vous informer sur l\u2019utilisation faite des cookies sur notre site, sur vos droits et vos moyens de vous y opposer, vous pouvez consulter la page sp\u00e9cialement consacr\u00e9e \u00e0 cette th\u00e9matique en cliquant ici.<\/p>\n<p>QUELS DESTINATAIRES ?<br \/>\nLes donn\u00e9es collect\u00e9es sur notre site sont exclusivement destin\u00e9es \u00e0 STUD ACADEMY, \u00e9diteur du site. Toute transmission de ces donn\u00e9es \u00e0 des soci\u00e9t\u00e9s tierces est soumise \u00e0 votre consentement pr\u00e9alable.<\/p>\n<h2>3. QUELS SONT VOS DROITS ?<\/h2>\n<p>Conform\u00e9ment \u00e0 la loi Informatique et Libert\u00e9s du 6 janvier 1978 modifi\u00e9e par la loi du 6 ao\u00fbt 2004, vous disposez de droits d\u2019acc\u00e8s, de rectification et d\u2019opposition aux donn\u00e9es personnelles vous concernant. Vous pouvez exercer ces droits :<br \/>\npar voie postale \u00e0 l\u2019adresse suivante : STUD ACADEMY \u2013 1 QUAI DE LA LOIRE \u2013 37210 \u2013 ROCHECORBON ou par courrier \u00e9lectronique \u00e0 l\u2019adresse : rochecorbon@parcbeauregard.com Un justificatif d\u2019identit\u00e9 pourra vous \u00eatre demand\u00e9 par voie postale \u00e0 l\u2019adresse pr\u00e9cit\u00e9e.<\/p>\n<p>[\/et_pb_text][\/et_pb_column][\/et_pb_row][\/et_pb_section]<\/p>\n","protected":false},"excerpt":{"rendered":"<p>VIE PRIV\u00c9E PROTECTION DE LA VIE PRIV\u00c9E Soucieuse de la protection de votre vie priv\u00e9e, STUD ACADEMY s\u2019engage \u00e0 assurer le meilleur niveau de protection de vos donn\u00e9es personnelles conform\u00e9ment \u00e0 la loi Informatique et Libert\u00e9s du 6 janvier 1978 modifi\u00e9e par la loi du 6 ao\u00fbt 2004. Notre politique de protection de la vie [&hellip;]<\/p>\n","protected":false},"author":1,"featured_media":0,"parent":0,"menu_order":0,"comment_status":"closed","ping_status":"closed","template":"","meta":{"_acf_changed":false,"_et_pb_use_builder":"on","_et_pb_old_content":"","_et_gb_content_width":"","footnotes":""},"class_list":["post-2217","page","type-page","status-publish","hentry"],"acf":[],"yoast_head":"<!-- This site is optimized with the Yoast SEO plugin v23.7 - https:\/\/yoast.com\/wordpress\/plugins\/seo\/ -->\n<title>VIE PRIV\u00c9E - Parc Beauregard StudAcademy<\/title>\n<meta name=\"robots\" content=\"noindex, follow, max-snippet:-1, max-image-preview:large, max-video-preview:-1\" \/>\n<meta property=\"og:locale\" content=\"fr_FR\" \/>\n<meta property=\"og:type\" content=\"article\" \/>\n<meta property=\"og:title\" content=\"VIE PRIV\u00c9E - Parc Beauregard StudAcademy\" \/>\n<meta property=\"og:description\" content=\"VIE PRIV\u00c9E PROTECTION DE LA VIE PRIV\u00c9E Soucieuse de la protection de votre vie priv\u00e9e, STUD ACADEMY s\u2019engage \u00e0 assurer le meilleur niveau de protection de vos donn\u00e9es personnelles conform\u00e9ment \u00e0 la loi Informatique et Libert\u00e9s du 6 janvier 1978 modifi\u00e9e par la loi du 6 ao\u00fbt 2004. Notre politique de protection de la vie [&hellip;]\" \/>\n<meta property=\"og:url\" content=\"https:\/\/www.parcbeauregard.com\/studacademy\/vie-privee\/\" \/>\n<meta property=\"og:site_name\" content=\"Parc Beauregard StudAcademy\" \/>\n<meta property=\"article:modified_time\" content=\"2023-01-31T17:13:18+00:00\" \/>\n<meta name=\"twitter:card\" content=\"summary_large_image\" \/>\n<meta name=\"twitter:label1\" content=\"Dur\u00e9e de lecture estim\u00e9e\" \/>\n\t<meta name=\"twitter:data1\" content=\"4 minutes\" \/>\n<script type=\"application\/ld+json\" class=\"yoast-schema-graph\">{\"@context\":\"https:\/\/schema.org\",\"@graph\":[{\"@type\":\"WebPage\",\"@id\":\"https:\/\/www.parcbeauregard.com\/studacademy\/vie-privee\/\",\"url\":\"https:\/\/www.parcbeauregard.com\/studacademy\/vie-privee\/\",\"name\":\"VIE PRIV\u00c9E - Parc Beauregard StudAcademy\",\"isPartOf\":{\"@id\":\"https:\/\/www.parcbeauregard.com\/studacademy\/#website\"},\"datePublished\":\"2023-01-31T17:10:53+00:00\",\"dateModified\":\"2023-01-31T17:13:18+00:00\",\"breadcrumb\":{\"@id\":\"https:\/\/www.parcbeauregard.com\/studacademy\/vie-privee\/#breadcrumb\"},\"inLanguage\":\"fr-FR\",\"potentialAction\":[{\"@type\":\"ReadAction\",\"target\":[\"https:\/\/www.parcbeauregard.com\/studacademy\/vie-privee\/\"]}]},{\"@type\":\"BreadcrumbList\",\"@id\":\"https:\/\/www.parcbeauregard.com\/studacademy\/vie-privee\/#breadcrumb\",\"itemListElement\":[{\"@type\":\"ListItem\",\"position\":1,\"name\":\"Accueil\",\"item\":\"https:\/\/www.parcbeauregard.com\/studacademy\/\"},{\"@type\":\"ListItem\",\"position\":2,\"name\":\"VIE PRIV\u00c9E\"}]},{\"@type\":\"WebSite\",\"@id\":\"https:\/\/www.parcbeauregard.com\/studacademy\/#website\",\"url\":\"https:\/\/www.parcbeauregard.com\/studacademy\/\",\"name\":\"Parc Beauregard StudAcademy\",\"description\":\"\",\"potentialAction\":[{\"@type\":\"SearchAction\",\"target\":{\"@type\":\"EntryPoint\",\"urlTemplate\":\"https:\/\/www.parcbeauregard.com\/studacademy\/?s={search_term_string}\"},\"query-input\":{\"@type\":\"PropertyValueSpecification\",\"valueRequired\":true,\"valueName\":\"search_term_string\"}}],\"inLanguage\":\"fr-FR\"}]}<\/script>\n<!-- \/ Yoast SEO plugin. -->","yoast_head_json":{"title":"VIE PRIV\u00c9E - Parc Beauregard StudAcademy","robots":{"index":"noindex","follow":"follow","max-snippet":"max-snippet:-1","max-image-preview":"max-image-preview:large","max-video-preview":"max-video-preview:-1"},"og_locale":"fr_FR","og_type":"article","og_title":"VIE PRIV\u00c9E - Parc Beauregard StudAcademy","og_description":"VIE PRIV\u00c9E PROTECTION DE LA VIE PRIV\u00c9E Soucieuse de la protection de votre vie priv\u00e9e, STUD ACADEMY s\u2019engage \u00e0 assurer le meilleur niveau de protection de vos donn\u00e9es personnelles conform\u00e9ment \u00e0 la loi Informatique et Libert\u00e9s du 6 janvier 1978 modifi\u00e9e par la loi du 6 ao\u00fbt 2004. Notre politique de protection de la vie [&hellip;]","og_url":"https:\/\/www.parcbeauregard.com\/studacademy\/vie-privee\/","og_site_name":"Parc Beauregard StudAcademy","article_modified_time":"2023-01-31T17:13:18+00:00","twitter_card":"summary_large_image","twitter_misc":{"Dur\u00e9e de lecture estim\u00e9e":"4 minutes"},"schema":{"@context":"https:\/\/schema.org","@graph":[{"@type":"WebPage","@id":"https:\/\/www.parcbeauregard.com\/studacademy\/vie-privee\/","url":"https:\/\/www.parcbeauregard.com\/studacademy\/vie-privee\/","name":"VIE PRIV\u00c9E - Parc Beauregard StudAcademy","isPartOf":{"@id":"https:\/\/www.parcbeauregard.com\/studacademy\/#website"},"datePublished":"2023-01-31T17:10:53+00:00","dateModified":"2023-01-31T17:13:18+00:00","breadcrumb":{"@id":"https:\/\/www.parcbeauregard.com\/studacademy\/vie-privee\/#breadcrumb"},"inLanguage":"fr-FR","potentialAction":[{"@type":"ReadAction","target":["https:\/\/www.parcbeauregard.com\/studacademy\/vie-privee\/"]}]},{"@type":"BreadcrumbList","@id":"https:\/\/www.parcbeauregard.com\/studacademy\/vie-privee\/#breadcrumb","itemListElement":[{"@type":"ListItem","position":1,"name":"Accueil","item":"https:\/\/www.parcbeauregard.com\/studacademy\/"},{"@type":"ListItem","position":2,"name":"VIE PRIV\u00c9E"}]},{"@type":"WebSite","@id":"https:\/\/www.parcbeauregard.com\/studacademy\/#website","url":"https:\/\/www.parcbeauregard.com\/studacademy\/","name":"Parc Beauregard StudAcademy","description":"","potentialAction":[{"@type":"SearchAction","target":{"@type":"EntryPoint","urlTemplate":"https:\/\/www.parcbeauregard.com\/studacademy\/?s={search_term_string}"},"query-input":{"@type":"PropertyValueSpecification","valueRequired":true,"valueName":"search_term_string"}}],"inLanguage":"fr-FR"}]}},"_links":{"self":[{"href":"https:\/\/www.parcbeauregard.com\/studacademy\/wp-json\/wp\/v2\/pages\/2217","targetHints":{"allow":["GET"]}}],"collection":[{"href":"https:\/\/www.parcbeauregard.com\/studacademy\/wp-json\/wp\/v2\/pages"}],"about":[{"href":"https:\/\/www.parcbeauregard.com\/studacademy\/wp-json\/wp\/v2\/types\/page"}],"author":[{"embeddable":true,"href":"https:\/\/www.parcbeauregard.com\/studacademy\/wp-json\/wp\/v2\/users\/1"}],"replies":[{"embeddable":true,"href":"https:\/\/www.parcbeauregard.com\/studacademy\/wp-json\/wp\/v2\/comments?post=2217"}],"version-history":[{"count":3,"href":"https:\/\/www.parcbeauregard.com\/studacademy\/wp-json\/wp\/v2\/pages\/2217\/revisions"}],"predecessor-version":[{"id":2220,"href":"https:\/\/www.parcbeauregard.com\/studacademy\/wp-json\/wp\/v2\/pages\/2217\/revisions\/2220"}],"wp:attachment":[{"href":"https:\/\/www.parcbeauregard.com\/studacademy\/wp-json\/wp\/v2\/media?parent=2217"}],"curies":[{"name":"wp","href":"https:\/\/api.w.org\/{rel}","templated":true}]}}